{"id":6437,"date":"2018-03-23T16:53:14","date_gmt":"2018-03-23T19:53:14","guid":{"rendered":"https:\/\/slotpokerpro.com\/como-usar\/"},"modified":"2018-03-23T20:50:40","modified_gmt":"2018-03-23T23:50:40","slug":"como-usar","status":"publish","type":"page","link":"https:\/\/slotpokerpro.com\/es\/como-usar\/","title":{"rendered":"C\u00f3mo usar"},"content":{"rendered":"<h3>\u00a1Organizador Multi-tabling f\u00e1cil y simple!<\/h3>\n<p>Juega en diversos sitios al mismo tiempo y alinea tus pantallas de manera sencilla y eficaz.<\/p>\n<h3>Caracter\u00edsticas<\/h3>\n<h5>1 &#8211; Alineaci\u00f3n autom\u00e1tica en modo mosaico &#8211;\u00a0<a href=\"https:\/\/www.youtube.com\/watch?v=fTHY3VzkW3E&amp;t=20s\" target=\"_blank\" rel=\"noopener\">V\u00eddeo explicativo<\/a><\/h5>\n<p><span lang=\"pt\">Organiza tu multi-tabling (para varios sitios al mismo tiempo) en modo mosaico, presionando el bot\u00f3n de alineaci\u00f3n oa trav\u00e9s de hotkey<\/span><\/p>\n<h5>2 &#8211; Actuar s\u00f3lo bajo el rat\u00f3n<\/h5>\n<p>Si esta opci\u00f3n est\u00e1 marcada, la alineaci\u00f3n de pantallas se realizar\u00e1 s\u00f3lo en el monitor donde el rat\u00f3n est\u00e1 posicionado.<\/p>\n<h5>3 &#8211; Layout personalizado &#8211;\u00a0<a href=\"https:\/\/www.youtube.com\/watch?v=fTHY3VzkW3E&amp;t=23s\" target=\"_blank\" rel=\"noopener\">V\u00eddeo explicativo<\/a><\/h5>\n<p>Dibuje su layout como prefiera y alinee las pantallas utilizando la opci\u00f3n \u00ab<strong>Uso de Layout personalizado <\/strong>\u00bb <span lang=\"pt\"> con el bot\u00f3n de alineaci\u00f3n oa trav\u00e9s de hotkey<\/span><span lang=\"pt\">\u00a0<\/span><\/p>\n<h5>4 &#8211; Hotkeys<\/h5>\n<ul>\n<li>Fold &#8211; * Si utiliza el bot\u00f3n derecho del rat\u00f3n para fold, deshabilite en las salas el uso del bot\u00f3n derecho para la personalizaci\u00f3n de las mesas y <strong>cambie el idioma de la sala para ingl\u00e9s<\/strong> &#8211;\u00a0<a href=\"https:\/\/www.youtube.com\/watch?v=J2DPCMDwaCk\" target=\"_blank\" rel=\"noopener\">V\u00eddeo explicativo<\/a>.<\/li>\n<\/ul>\n<div id=\"attachment_6019\" style=\"width: 213px\" class=\"wp-caption alignnone\"><a href=\"https:\/\/slotpokerpro.com\/wp-content\/uploads\/2017\/05\/DesabilitarBtnDireito.png\"><img fetchpriority=\"high\" decoding=\"async\" aria-describedby=\"caption-attachment-6019\" class=\"wp-image-6019 size-medium\" src=\"https:\/\/slotpokerpro.com\/wp-content\/uploads\/2017\/05\/DesabilitarBtnDireito-203x300.png\" alt=\"\" width=\"203\" height=\"300\" \/><\/a><p id=\"caption-attachment-6019\" class=\"wp-caption-text\">Configura\u00e7\u00e3o PokerStars<\/p><\/div>\n<ul>\n<li>Mover a slot &#8211; <a href=\"https:\/\/www.youtube.com\/watch?v=nCXsrdwYrYk\" target=\"_blank\" rel=\"noopener\">V\u00eddeo explicativo\u00a0<\/a><\/li>\n<li>Alineaci\u00f3n autom\u00e1tica &#8211;<a href=\"https:\/\/www.youtube.com\/watch?v=Ojm8-oC9-RM&amp;t=52s\" target=\"_blank\" rel=\"noopener\">V\u00eddeo explicativo<\/a><\/li>\n<li>Alinear personalizado &#8211; <a href=\"https:\/\/www.youtube.com\/watch?v=fTHY3VzkW3E&amp;t=23s\" target=\"_blank\" rel=\"noopener\">V\u00eddeo explicativo<\/a><\/li>\n<li>Alinear con tama\u00f1o m\u00ednimo (PokerStars) &#8211;\u00a0<a href=\"https:\/\/www.youtube.com\/watch?v=MdBlcZvP6io&amp;t=3s\" target=\"_blank\" rel=\"noopener\">V\u00eddeo explicativo<\/a>\n<ul>\n<li>Esta funci\u00f3n es ideal para quienes juegan en port\u00e1tiles y no les gusta jugar con superposici\u00f3n. Permite que usted juegue 12 mesas sin superposici\u00f3n, en pantallas de 14\/15 pulgadas.<\/li>\n<\/ul>\n<\/li>\n<li>Eliminar bordes (PokerStars) &#8211;\u00a0EN DESARROLLO (Beta)<\/li>\n<li>Eliminar t\u00edtulo de ventana (PokerStars) &#8211;\u00a0EN DESARROLLO (Beta)<\/li>\n<\/ul>\n<h5>5 &#8211; Traer mesa para el foco (mesa debajo del rat\u00f3n)<\/h5>\n<p>Cuando esta opci\u00f3n est\u00e1 seleccionada, cada vez que pase el rat\u00f3n sobre una mesa, gana el foco (primer plano).<\/p>\n<h3><span lang=\"pt\">Requisitos del sistema <\/span><\/h3>\n<p><span lang=\"pt\">Disponible para Windows 7 o superior (Mac pronto);<\/span><\/p>\n<h3>Licencia<\/h3>\n<p><span lang=\"pt\">Slot Poker Pro realiza la comprobaci\u00f3n de la licencia en l\u00ednea. <\/span><\/p>\n<p><span lang=\"pt\">Licencia para 1 usuario y una m\u00e1quina;<\/span><\/p>\n<p><span lang=\"pt\">Esta licencia no es recurrente y expira autom\u00e1ticamente al final de su plan, no requiere cancelaci\u00f3n.<br \/>\n<\/span><\/p>\n<h3><span lang=\"pt\">Soporte para sitios y juegos<\/span><\/h3>\n<p><span lang=\"pt\">PokerStars, 888Poker, Party Poker, Rede Winning, Rede Microgaming, Winamax, SharksPoker e Brasil Poker Live (pronto\u00a0 Ipoker).<\/span><\/p>\n<p><span lang=\"pt\">Holde&#8217;m, Omaha, Stud y los juegos m\u00e1s populares; <\/span><\/p>\n<p><span lang=\"pt\">Sit &amp; Go, Torneios, Cash Games. <\/span><\/p>\n<h3><span lang=\"pt\">Instalaci\u00f3n<\/span><\/h3>\n<p>Est\u00e1ndar de Windows.<\/p>\n","protected":false},"excerpt":{"rendered":"<p>\u00a1Organizador Multi-tabling f\u00e1cil y simple! Juega en diversos sitios al mismo tiempo y alinea tus pantallas de manera sencilla y eficaz. Caracter\u00edsticas 1 &#8211; Alineaci\u00f3n&#8230;<\/p>\n","protected":false},"author":1,"featured_media":0,"parent":0,"menu_order":0,"comment_status":"closed","ping_status":"closed","template":"","meta":{"_acf_changed":false,"two_page_speed":[],"footnotes":""},"class_list":["post-6437","page","type-page","status-publish","hentry"],"acf":[],"_links":{"self":[{"href":"https:\/\/slotpokerpro.com\/es\/wp-json\/wp\/v2\/pages\/6437"}],"collection":[{"href":"https:\/\/slotpokerpro.com\/es\/wp-json\/wp\/v2\/pages"}],"about":[{"href":"https:\/\/slotpokerpro.com\/es\/wp-json\/wp\/v2\/types\/page"}],"author":[{"embeddable":true,"href":"https:\/\/slotpokerpro.com\/es\/wp-json\/wp\/v2\/users\/1"}],"replies":[{"embeddable":true,"href":"https:\/\/slotpokerpro.com\/es\/wp-json\/wp\/v2\/comments?post=6437"}],"version-history":[{"count":0,"href":"https:\/\/slotpokerpro.com\/es\/wp-json\/wp\/v2\/pages\/6437\/revisions"}],"wp:attachment":[{"href":"https:\/\/slotpokerpro.com\/es\/wp-json\/wp\/v2\/media?parent=6437"}],"curies":[{"name":"wp","href":"https:\/\/api.w.org\/{rel}","templated":true}]}}